{"id":680,"date":"2023-10-28T16:39:24","date_gmt":"2023-10-28T14:39:24","guid":{"rendered":"https:\/\/shopping.janoss-biz.com\/?post_type=product&#038;p=680"},"modified":"2024-09-16T20:54:17","modified_gmt":"2024-09-16T18:54:17","slug":"tommy-hilfiger-wallet","status":"publish","type":"product","link":"https:\/\/shopping.janoss-biz.com\/en\/product\/tommy-hilfiger-wallet\/","title":{"rendered":"Tommy Hilfiger Wallet"},"content":{"rendered":"<p>\u00fc<\/p>","protected":false},"excerpt":{"rendered":"<p>Tommy Hilfiger Portefeuille de marque, \u00c9l\u00e9gant, Couleur Bleu marine styl\u00e9.<\/p>","protected":false},"featured_media":396,"comment_status":"open","ping_status":"closed","template":"","meta":[],"product_brand":[70],"product_cat":[32],"product_tag":[],"class_list":{"0":"post-680","1":"product","2":"type-product","3":"status-publish","4":"has-post-thumbnail","6":"product_brand-tommy-hilfiger","7":"product_cat-sacs-et-accessoires","9":"first","10":"instock","11":"sale","12":"taxable","13":"shipping-taxable","14":"purchasable","15":"product-type-simple"},"_links":{"self":[{"href":"https:\/\/shopping.janoss-biz.com\/en\/wp-json\/wp\/v2\/product\/680","targetHints":{"allow":["GET"]}}],"collection":[{"href":"https:\/\/shopping.janoss-biz.com\/en\/wp-json\/wp\/v2\/product"}],"about":[{"href":"https:\/\/shopping.janoss-biz.com\/en\/wp-json\/wp\/v2\/types\/product"}],"replies":[{"embeddable":true,"href":"https:\/\/shopping.janoss-biz.com\/en\/wp-json\/wp\/v2\/comments?post=680"}],"wp:featuredmedia":[{"embeddable":true,"href":"https:\/\/shopping.janoss-biz.com\/en\/wp-json\/wp\/v2\/media\/396"}],"wp:attachment":[{"href":"https:\/\/shopping.janoss-biz.com\/en\/wp-json\/wp\/v2\/media?parent=680"}],"wp:term":[{"taxonomy":"product_brand","embeddable":true,"href":"https:\/\/shopping.janoss-biz.com\/en\/wp-json\/wp\/v2\/product_brand?post=680"},{"taxonomy":"product_cat","embeddable":true,"href":"https:\/\/shopping.janoss-biz.com\/en\/wp-json\/wp\/v2\/product_cat?post=680"},{"taxonomy":"product_tag","embeddable":true,"href":"https:\/\/shopping.janoss-biz.com\/en\/wp-json\/wp\/v2\/product_tag?post=680"}],"curies":[{"name":"wp","href":"https:\/\/api.w.org\/{rel}","templated":true}]}}